{"id":1026,"date":"2019-10-09T20:35:19","date_gmt":"2019-10-09T18:35:19","guid":{"rendered":"http:\/\/ergo-challenge.ister.at\/?page_id=1026"},"modified":"2023-10-19T14:37:06","modified_gmt":"2023-10-19T12:37:06","slug":"relay-race-weeks-hrvatski","status":"publish","type":"page","link":"https:\/\/www.ergochallenge.at\/?page_id=1026","title":{"rendered":"Relay Race &#8211; Hrvatski"},"content":{"rendered":"\n<h2 class=\"wp-block-heading\"><strong><strong><a href=\"https:\/\/www.ergochallenge.at\/?page_id=960\" data-type=\"page\" data-id=\"960\">ENGLISH\u00a0\u00a0 <\/a>\u2013\u00a0\u00a0 <a href=\"https:\/\/www.ergochallenge.at\/?page_id=1026\" data-type=\"page\" data-id=\"1026\">HRVATSKI<\/a>\u00a0\u00a0 &#8212;\u00a0\u00a0 <a href=\"https:\/\/www.ergochallenge.at\/wp-admin\/post.php?post=925&amp;action=edit\">DEUTSCH<\/a><\/strong><\/strong><\/h2>\n\n\n\n<p><strong>Uvod:<br><\/strong>Takmi\u010denje za 4 ili 8 atleti\u010dara na ergometru \u2013to u Austriji se jo\u0161 nije de\u0161avalo, zbog toga je Ergo-Challenge platforma najbolja za to. Sastavi tvoju ekipu \u2013 Mu\u0161karci, \u017dene ili oba pola (Mixed-Teams\/ mije\u0161ani tim) \u2013 svake starosne doba i kreni.<\/p>\n\n\n\n<p><strong>Prijava:<br><\/strong>Na takmi\u010denju poku\u0161avaju 4 ili 8 atleti\u010dara na jednom ergometru ograni\u010denu duzinu ili vrijeme u sto kra\u0107em roku da predju. U\u010desnici mogu biti ljudi I \u017eene u svim starosnim dobima. Pojedina\u010dne osobe mogu u vise timova u\u010destovati. Atleti\u010darke u mije\u0161anom timu moraju najmanje 1\/3 ograni\u010dene duzine preci. Ekipi smiju samo sobstveni atleti\u010dari pomagati. Svaka ekipa mora imati svog kapetana iz iste ekipe koji je zadu\u017een za pravila takmi\u010denja. Kao na svakom takmi\u010denju je povjerenje na prvom mjestu. Sva takmi\u010denja ce se samo na Concept2 (Model B-E) izvoditi na Ruderergometer.<\/p>\n\n\n\n<p>Termini se uvijek ra\u010dunaju od ponedjeljka 00:00 \u010dasova do nedjelje 24:00 \u010dasova.<\/p>\n\n\n\n<ol class=\"wp-block-list\">\n<li>Sezona: <span style=\"font-size: 1.0625rem;\">08.11. \u2013 21.11.2021<\/span> \/\/ 10 000 metara<\/li>\n\n\n\n<li>Sezona: <span style=\"font-size: 1.0625rem;\">29.11 \u2013 12.12.2021<\/span>&nbsp;\/\/ 10 000 metara<\/li>\n\n\n\n<li>Sezona: <span style=\"font-size: 1.0625rem;\">10.01. \u2013 23.01.2022<\/span>&nbsp;\/\/ 10 000 metara<\/li>\n<\/ol>\n\n\n\n<p><span style=\"color: #ff0000;\"><strong>28.01.2024 \u2013 Austrian Indoor Rowing Championships<\/strong><\/span><\/p>\n\n\n\n<p><strong>Cilj:<br><\/strong>U jednom timu se tra\u017ei izazov na ergometru.<\/p>\n\n\n\n<p><strong>Podaci:<br><\/strong>Da bi u\u010de\u0161tovali na takmi\u010denju, potrebni su imena svih u\u010desnika, godina rodjenja, ime od tima i slika monitora. Podaci se moraju poslati najkasnije do srijede 18:00 \u010dasova posle svake sezone na email <a href=\"mailto:office@ergochallenge.at\">office@ergochallenge.at<\/a>.<\/p>\n\n\n\n<p>Dozvoljeno je koristiti interne liste. Povjerenje je na prvom mjestu. Rang se dijeli po starosnoj kategorije \u2013 Concept2.<\/p>\n\n\n\n<ul class=\"wp-block-list\">\n<li>U\u010denici: do 14 godina<\/li>\n\n\n\n<li>Juniori: 15 \u2013 18 godina<\/li>\n\n\n\n<li>Opsta klasa: 19 \u2013 29 godina<\/li>\n\n\n\n<li>Masters A: 30 \u2013 39 godina<\/li>\n\n\n\n<li>Masters B: 40 \u2013 49 godina<\/li>\n\n\n\n<li>Masters C: 50 \u2013 59 godina<\/li>\n\n\n\n<li>Masters D: 60 \u2013 69 godina<\/li>\n\n\n\n<li>Masters E: 70 \u2013 79 godina<\/li>\n\n\n\n<li>Masters F: 80 \u2013 89 godina<\/li>\n<\/ul>\n\n\n\n<p><\/p>\n","protected":false},"excerpt":{"rendered":"<p>ENGLISH\u00a0\u00a0 \u2013\u00a0\u00a0 HRVATSKI\u00a0\u00a0 &#8212;\u00a0\u00a0 DEUTSCH Uvod:Takmi\u010denje za 4 ili 8 atleti\u010dara na ergometru \u2013to u Austriji se jo\u0161 nije de\u0161avalo,[&#8230;]<\/p>\n","protected":false},"author":1,"featured_media":0,"parent":925,"menu_order":0,"comment_status":"closed","ping_status":"closed","template":"","meta":{"footnotes":""},"class_list":["post-1026","page","type-page","status-publish","hentry"],"_links":{"self":[{"href":"https:\/\/www.ergochallenge.at\/index.php?rest_route=\/wp\/v2\/pages\/1026","targetHints":{"allow":["GET"]}}],"collection":[{"href":"https:\/\/www.ergochallenge.at\/index.php?rest_route=\/wp\/v2\/pages"}],"about":[{"href":"https:\/\/www.ergochallenge.at\/index.php?rest_route=\/wp\/v2\/types\/page"}],"author":[{"embeddable":true,"href":"https:\/\/www.ergochallenge.at\/index.php?rest_route=\/wp\/v2\/users\/1"}],"replies":[{"embeddable":true,"href":"https:\/\/www.ergochallenge.at\/index.php?rest_route=%2Fwp%2Fv2%2Fcomments&post=1026"}],"version-history":[{"count":11,"href":"https:\/\/www.ergochallenge.at\/index.php?rest_route=\/wp\/v2\/pages\/1026\/revisions"}],"predecessor-version":[{"id":2454,"href":"https:\/\/www.ergochallenge.at\/index.php?rest_route=\/wp\/v2\/pages\/1026\/revisions\/2454"}],"up":[{"embeddable":true,"href":"https:\/\/www.ergochallenge.at\/index.php?rest_route=\/wp\/v2\/pages\/925"}],"wp:attachment":[{"href":"https:\/\/www.ergochallenge.at\/index.php?rest_route=%2Fwp%2Fv2%2Fmedia&parent=1026"}],"curies":[{"name":"wp","href":"https:\/\/api.w.org\/{rel}","templated":true}]}}