{"id":139,"date":"2016-09-20T21:30:43","date_gmt":"2016-09-20T19:30:43","guid":{"rendered":"http:\/\/ruder-challenge.ister.at\/?page_id=139"},"modified":"2025-10-18T16:07:38","modified_gmt":"2025-10-18T14:07:38","slug":"2016-30-dirty-k-ergo-challenge","status":"publish","type":"page","link":"https:\/\/www.ergochallenge.at\/?page_id=139","title":{"rendered":"30 K ERGO Challenge &#8211; Dirty Thirty"},"content":{"rendered":"\n<h2 class=\"wp-block-heading\"><a href=\"https:\/\/www.ergochallenge.at\/?page_id=144\">ENGLISH\u00a0<\/a> &#8212;\u00a0 <a href=\"https:\/\/www.ergochallenge.at\/?page_id=139\">DEUTSCH\u00a0<\/a>&#8212; <a href=\"https:\/\/www.ergochallenge.at\/?page_id=165\">HRVATSKI<\/a><\/h2>\n\n\n\n<p class=\"has-text-align-center\"><strong>30 (dirty thirty) K Ergo Challenge<\/strong><\/p>\n\n\n\n<p><strong>Allgemeines:<\/strong><\/p>\n\n\n\n<p>Bei diesem Bewerb gibt es weder etwas zu gewinnen, noch erh\u00e4lt man eine Medaille. &nbsp;Alle Teilnehmer, weiblich und m\u00e4nnlich aus Vereinen oder privat sind startberechtigt und als Administrator vertraue ich auf die Richtigkeit der gelieferten Daten.<\/p>\n\n\n\n<p><strong>Bewerb:<\/strong><\/p>\n\n\n\n<p>Die Teilnehmer sollen versuchen in der Zeit von 30 Minuten so viele Meter am Ergometer zur\u00fcck zu legen, als es ihnen m\u00f6glich ist.&nbsp; Es gibt \u00fcber den Winter verteilt sechs (6) Termine, wobei die vier (4) besten Ergebnisse gewertet werden.&nbsp; Alle Bewerbe werden auf Concept2 Ergometern der Typen RowErg Model B-E, SkiErg oder BikeErg ausgetragen. F\u00fcr den BikeErg werden nur die H\u00e4lfte der Meter berechnet. <br>Andere Ruderergometer sind zul\u00e4ssig, werden aber in der Ergebnisliste besonders ausgewiesen.<\/p>\n\n\n\n<p>Eine Session ist immer von Montag 00:00 Uhr bis Sonntag 24:00 Uhr berechnet.<br>Kalender zum Download und synchronisieren: <a href=\"https:\/\/www.ergochallenge.at\/wp-content\/uploads\/2025\/10\/30K_DD.ics\">ergochallenge<\/a><a href=\"https:\/\/www.ergochallenge.at\/wp-content\/uploads\/2024\/10\/30-dirty-k_2024.ics\">.ics<\/a>.<\/p>\n\n\n\n<p>1 Session: 03.11.2025 &#8211; 09.11.2025<br>2 Session: 24.11.2025 &#8211; 30.11.2025<br>3 Session: 15.12.2025 &#8211; 21.12.2025<br>4 Session: 05.01.2026 &#8211; 11.01.2026<\/p>\n\n\n\n<p><strong><span style=\"color: #800000;\">25.01.2026 ==&gt; Austrian Indoor Rowing Championships<\/span><\/strong><\/p>\n\n\n\n<p>5 Session: 26.01.2026 &#8211; 01.02.2026<br>6 Session: 23.02.2026 &#8211; 01.03.2026<\/p>\n\n\n\n<p><strong>Ziel:<\/strong><\/p>\n\n\n\n<p>Bei vier Termine zusammengerechnet, mindestens 30 000 Meter (M\u00e4nner) oder 26 000 (Frauen) zu erreichen und dabei mit Ruderkollegen aus \u00d6sterreich und der Welt&nbsp;messen.<\/p>\n\n\n\n<p><strong>Daten:<\/strong><\/p>\n\n\n\n<p>Eine einmalige Anmeldung f\u00fcr die Daten-App ist erforderlich, um in die Reihung aufgenommen zu werden. Dazu bitte Name, Geburtsjahr, K\u00f6rpergewicht, Nationalit\u00e4t, Verein und Ergotyp an <strong><a href=\"mailto:office@ergochallenge.at\">office@ergochallenge.at<\/a> <\/strong>senden. Anschlie\u00dfend werden die Zugangsdaten zur App \u00fcbermittelt. <a href=\"https:\/\/www.ergochallenge.at\/?page_id=2974\" data-type=\"page\" data-id=\"2974\">30K-DATA-APP Anleitung.<\/a><\/p>\n\n\n\n<p>Die \u00dcbermittlung\/Eintragung eurer Daten muss bis sp\u00e4testens Mittwoch 18:00 Uhr nach jeder Session selbst\u00e4ndig mit der 30k-App oder per E-mail an <a href=\"mailto:office@ergochallenge.at\">office@ergochallenge.at<\/a> erfolgen. &nbsp;Es k\u00f6nnen auch vereinsinterne Listen (<a href=\"https:\/\/www.ergochallenge.at\/wp-content\/uploads\/2023\/10\/30K-Club-Results-2023.xlsx\" target=\"_blank\" rel=\"noopener noreferrer\">30K Ergebnisse Liste<\/a>) an den Challenge Administrator gesendet&nbsp;werden.&nbsp; Vertrauen steht im Vordergrund. Die Reihung erfolgt gem\u00e4\u00df der Concept2 Alterseinteilung.<\/p>\n\n\n\n<ul class=\"wp-block-list\">\n<li>U15: bis 14 Jahre<\/li>\n\n\n\n<li>U17: 15 &#8211; 16 Jahre<\/li>\n\n\n\n<li>U19: 17 &#8211; 18 Jahre<\/li>\n\n\n\n<li>Allgemeine Klasse: 19 &#8211; 29 Jahre<\/li>\n\n\n\n<li>Masters A: 30 &#8211; 39 Jahre<\/li>\n\n\n\n<li>Masters B: 40 &#8211; 49 Jahre<\/li>\n\n\n\n<li>Masters C: 50 &#8211; 59 Jahre<\/li>\n\n\n\n<li>Masters D: 60 &#8211; 69 Jahre<\/li>\n\n\n\n<li>Masters E: 70 &#8211; 79 Jahre<\/li>\n\n\n\n<li>Masters F: 80 &#8211; 89 Jahre<\/li>\n<\/ul>\n\n\n\n<p><a href=\"https:\/\/www.ergochallenge.at\/?page_id=172\" data-type=\"page\" data-id=\"172\"><strong>Ranking List<\/strong><\/a><\/p>\n","protected":false},"excerpt":{"rendered":"<p>ENGLISH\u00a0 &#8212;\u00a0 DEUTSCH\u00a0&#8212; HRVATSKI 30 (dirty thirty) K Ergo Challenge Allgemeines: Bei diesem Bewerb gibt es weder etwas zu gewinnen,[&#8230;]<\/p>\n","protected":false},"author":1,"featured_media":422,"parent":0,"menu_order":0,"comment_status":"closed","ping_status":"closed","template":"","meta":{"footnotes":""},"class_list":["post-139","page","type-page","status-publish","has-post-thumbnail","hentry"],"_links":{"self":[{"href":"https:\/\/www.ergochallenge.at\/index.php?rest_route=\/wp\/v2\/pages\/139","targetHints":{"allow":["GET"]}}],"collection":[{"href":"https:\/\/www.ergochallenge.at\/index.php?rest_route=\/wp\/v2\/pages"}],"about":[{"href":"https:\/\/www.ergochallenge.at\/index.php?rest_route=\/wp\/v2\/types\/page"}],"author":[{"embeddable":true,"href":"https:\/\/www.ergochallenge.at\/index.php?rest_route=\/wp\/v2\/users\/1"}],"replies":[{"embeddable":true,"href":"https:\/\/www.ergochallenge.at\/index.php?rest_route=%2Fwp%2Fv2%2Fcomments&post=139"}],"version-history":[{"count":54,"href":"https:\/\/www.ergochallenge.at\/index.php?rest_route=\/wp\/v2\/pages\/139\/revisions"}],"predecessor-version":[{"id":3037,"href":"https:\/\/www.ergochallenge.at\/index.php?rest_route=\/wp\/v2\/pages\/139\/revisions\/3037"}],"wp:featuredmedia":[{"embeddable":true,"href":"https:\/\/www.ergochallenge.at\/index.php?rest_route=\/wp\/v2\/media\/422"}],"wp:attachment":[{"href":"https:\/\/www.ergochallenge.at\/index.php?rest_route=%2Fwp%2Fv2%2Fmedia&parent=139"}],"curies":[{"name":"wp","href":"https:\/\/api.w.org\/{rel}","templated":true}]}}