{"id":150,"date":"2016-09-20T21:55:43","date_gmt":"2016-09-20T19:55:43","guid":{"rendered":"http:\/\/ruder-challenge.ister.at\/?page_id=150"},"modified":"2025-10-18T16:07:13","modified_gmt":"2025-10-18T14:07:13","slug":"2016-30-dirty-k-ergo-challenge-espanol","status":"publish","type":"page","link":"https:\/\/www.ergochallenge.at\/?page_id=150","title":{"rendered":"30 (dirty) K ERGO Challenge Espanol"},"content":{"rendered":"\n<h2 class=\"wp-block-heading\"><a href=\"https:\/\/www.ergochallenge.at\/?page_id=144\">ENGLISH\u00a0<\/a> &#8212;\u00a0 <a href=\"https:\/\/www.ergochallenge.at\/?page_id=139\">DEUTSCH\u00a0<\/a>&#8212; <a href=\"https:\/\/www.ergochallenge.at\/?page_id=165\">HRVATSKI<\/a><\/h2>\n\n\n\n<p class=\"has-text-align-center\"><strong>30 (dirty thirty) K Ergo Challenge<\/strong><\/p>\n\n\n\n<p><span title=\"Allgemeines: \"><strong>En General:<\/strong><\/span><\/p>\n\n\n\n<p><span title=\"Bei diesem Bewerb gibt es weder etwas zu gewinnen, noch erh\u00e4lt man eine Medaille.\">En esta competici\u00f3n, ni hay algo de ganar,&nbsp;ni se obtiene una medalla.&nbsp; <\/span><span title=\"Alle Ruderer, weiblich und m\u00e4nnlich aus Vereinen oder privat, sind startberechtigt und als Administrator vertrauen wir auf die Richtigkeit der gelieferten Daten. \">Todos los remeros, hombres y mujeres de los clubes o privadas, son elegibles y como administrador estoye conf\u00edo en la exactitud de los datos suministrados.&nbsp;&nbsp;<\/span><\/p>\n\n\n\n<p><span title=\"Bewerb: \"><strong>El Evento:<\/strong><\/span><\/p>\n\n\n\n<p><span title=\"Die Teilnehmer sollen versuchen sechs (6) Kilometer so schnell als ihnen m\u00f6glich ist, am Ergometer zur\u00fcck zu legen.\">Los participantes deben que remo mas metros como es posible&nbsp;con el C2 erg\u00f3metro en el tiempo de 30 minutos. Durante el invierno hay de seis (6) periodos, los cuatro (4) mejores resultados se cuentan. Los resultados se a\u00f1aden cada mes. <\/span>Todas las pruebas se realizan en erg\u00f3metros Concept2 RowErg Modelo B-E, SkiErg o BikeErg. Los BikeErg se contabilizan a la mitad de la velocidad del metro.<br>Se permiten otros erg\u00f3metros de remo, pero se identificar\u00e1n espec\u00edficamente en la lista de resultados.<\/p>\n\n\n\n<p><span title=\"Die Termine sind immer von Donnerstag 18:00 Uhr bis Montag 18:00 Uhr berechnet. \">Las fechas siempre se calculan a partir del lunes a 00:00 a domingo 24:00:<br><br>Descarga y sincroniza tu calendario: <a href=\"https:\/\/www.ergochallenge.at\/wp-content\/uploads\/2024\/10\/30-dirty-k_2024.ics\"><a href=\"https:\/\/www.ergochallenge.at\/wp-content\/uploads\/2025\/10\/30K_DD.ics\">ergochallenge<\/a><a href=\"https:\/\/www.ergochallenge.at\/wp-content\/uploads\/2024\/10\/30-dirty-k_2024.ics\">.ics<\/a>.<\/a><br><br><\/span>1 Session: 03.11.2025 &#8211; 09.11.2025<br>2 Session: 24.11.2025 &#8211; 30.11.2025<br>3 Session: 15.12.2025 &#8211; 21.12.2025<br>4 Session: 05.01.2026 &#8211; 11.01.2026<\/p>\n\n\n\n<p><strong><span style=\"color: #800000;\">25.01.2026 ==&gt; Austrian Indoor Rowing Championships<\/span><\/strong><\/p>\n\n\n\n<p>5 Session: 26.01.2026 &#8211; 01.02.2026<br>6 Session: 23.02.2026 &#8211; 01.03.2026<\/p>\n\n\n\n<p><strong>O<\/strong><span title=\"Ziel: \"><strong>bjetivo:<\/strong><\/span><\/p>\n\n\n\n<p><span title=\"Bei vier Termine zusammengerechnet, die schnellste Zeit am Ergometer zu rudern und dabei mit Ruderkollegen aus \u00d6sterreich und der Welt messen. &nbsp;\">En cuatro fechas suman, al menos 30.000 metros (hombres) o 26 000 (mujeres) a la fila y miden con los colegas de remo de Austria y el mundo.&nbsp;<\/span><\/p>\n\n\n\n<p><strong>D<\/strong><span title=\"Daten: \"><strong>atos:<\/strong><\/span><\/p>\n\n\n\n<p><span title=\"Um in die Reihung aufgenommen zu werden, ben\u00f6tige ich Geburtsjahr, K\u00f6rpergewicht und ein Fotos des Monitors.\">Para participar en la clasificaci\u00f3n, es necesario registrarse una sola vez para la aplicaci\u00f3n de datos. Env\u00ede su nombre, a\u00f1o de nacimiento, peso, nacionalidad, club y ergotipo a <a href=\"mailto:office@ergochallenge.at\">office@ergochallenge.at<\/a>. Recibir\u00e1 sus datos de acceso a la aplicaci\u00f3n. <a href=\"https:\/\/www.ergochallenge.at\/?page_id=2974\" data-type=\"page\" data-id=\"2974\">Instrucciones de la aplicaci\u00f3n 30K-DATA-APP.<\/a><\/span><\/p>\n\n\n\n<p>Tus datos deben enviarse\/introducirse antes de las 18:00 h del mi\u00e9rcoles despu\u00e9s de cada sesi\u00f3n, ya sea de forma independiente a trav\u00e9s de la app de 30k o por correo electr\u00f3nico a <a href=\"mailto:office@ergochallenge.at\">office@ergochallenge.at<\/a>. Las listas internas del club (<a href=\"https:\/\/www.ergochallenge.at\/wp-content\/uploads\/2023\/10\/30K-Club-Results-2023.xlsx\" data-type=\"attachment\" data-id=\"2417\">lista de resultados de 30k<\/a>) tambi\u00e9n pueden enviarse al administrador del reto. La confianza es fundamental. <\/p>\n\n\n\n<p><span title=\"Die Reihung der Einzelstarter erfolgt gem\u00e4\u00df der Concept2 Alterseinteilung. \">La clasificaci\u00f3n de entrantes individuales se realiza de acuerdo a la clasificaci\u00f3n edad Concept 2.:<br>\n<\/span><span title=\"\u2022Sch\u00fclerInnen: bis 14 Jahre \">\u2022 U15<br>\n<\/span><span title=\"\u2022JuniorenInnen: 15 - 16 Jahre \">\u2022 U17<br>\n<\/span><span title=\"\u2022JuniorenInnen: 17 - 18 Jahre \">\u2022 U19<br>\n<\/span><span title=\"\u2022Allgemeine Klasse: 19 - 29 Jahre \">\u2022 Clase \u00e9lite: 19 &#8211; 29 a\u00f1os<br>\n<\/span><span title=\"\u2022Masters A: 30 - 39 Jahre \">\u2022 Masters A 30 &#8211; 39 a\u00f1os<br>\n<\/span><span title=\"\u2022Masters B: 40 - 49 Jahre \">\u2022 Masters B: 40 &#8211; 49 A\u00f1os<br>\n<\/span><span title=\"\u2022Masters C: 50 - 59 Jahre \">\u2022 Masters C: 50 &#8211; 59 a\u00f1os<br>\n<\/span><span title=\"\u2022Masters D: 60 - 69 Jahre \">\u2022 Masters D: 60 &#8211; 69 a\u00f1os<br>\n<\/span><span title=\"\u2022Masters E: 70 - 79 Jahre \">\u2022 Masters E: 70 &#8211; 79 a\u00f1os<br>\n<\/span><span title=\"\u2022Masters F: 80 - 89 Jahre \">\u2022 Masters F: 80 &#8211; 89 a\u00f1os<\/span><\/p>\n\n\n\n<p><span style=\"color: #800000;\"><strong><a href=\"https:\/\/www.ergochallenge.at\/?page_id=172\" data-type=\"page\" data-id=\"172\">Ranking List<\/a><\/strong><\/span><\/p>\n","protected":false},"excerpt":{"rendered":"<p>ENGLISH\u00a0 &#8212;\u00a0 DEUTSCH\u00a0&#8212; HRVATSKI 30 (dirty thirty) K Ergo Challenge En General: En esta competici\u00f3n, ni hay algo de ganar,&nbsp;ni[&#8230;]<\/p>\n","protected":false},"author":1,"featured_media":157,"parent":139,"menu_order":0,"comment_status":"closed","ping_status":"closed","template":"","meta":{"footnotes":""},"class_list":["post-150","page","type-page","status-publish","has-post-thumbnail","hentry"],"_links":{"self":[{"href":"https:\/\/www.ergochallenge.at\/index.php?rest_route=\/wp\/v2\/pages\/150","targetHints":{"allow":["GET"]}}],"collection":[{"href":"https:\/\/www.ergochallenge.at\/index.php?rest_route=\/wp\/v2\/pages"}],"about":[{"href":"https:\/\/www.ergochallenge.at\/index.php?rest_route=\/wp\/v2\/types\/page"}],"author":[{"embeddable":true,"href":"https:\/\/www.ergochallenge.at\/index.php?rest_route=\/wp\/v2\/users\/1"}],"replies":[{"embeddable":true,"href":"https:\/\/www.ergochallenge.at\/index.php?rest_route=%2Fwp%2Fv2%2Fcomments&post=150"}],"version-history":[{"count":35,"href":"https:\/\/www.ergochallenge.at\/index.php?rest_route=\/wp\/v2\/pages\/150\/revisions"}],"predecessor-version":[{"id":3035,"href":"https:\/\/www.ergochallenge.at\/index.php?rest_route=\/wp\/v2\/pages\/150\/revisions\/3035"}],"up":[{"embeddable":true,"href":"https:\/\/www.ergochallenge.at\/index.php?rest_route=\/wp\/v2\/pages\/139"}],"wp:featuredmedia":[{"embeddable":true,"href":"https:\/\/www.ergochallenge.at\/index.php?rest_route=\/wp\/v2\/media\/157"}],"wp:attachment":[{"href":"https:\/\/www.ergochallenge.at\/index.php?rest_route=%2Fwp%2Fv2%2Fmedia&parent=150"}],"curies":[{"name":"wp","href":"https:\/\/api.w.org\/{rel}","templated":true}]}}