{"id":2974,"date":"2025-08-29T22:22:06","date_gmt":"2025-08-29T20:22:06","guid":{"rendered":"https:\/\/www.ergochallenge.at\/?page_id=2974"},"modified":"2025-11-16T09:53:39","modified_gmt":"2025-11-16T08:53:39","slug":"30k-data-app-user-guide","status":"publish","type":"page","link":"https:\/\/www.ergochallenge.at\/?page_id=2974","title":{"rendered":"30K-DATA-APP User Guide &#8211; Deutsch"},"content":{"rendered":"\n<p class=\"has-text-align-right has-small-font-size\"><strong>User Guide Version: 1.11<\/strong><br><strong>Datum: 16.11.2025<\/strong><\/p>\n\n\n\n<p>Auf der Infoseite wurde ein Kilometer-Ticker eingef\u00fcgt.  Dieser zeigt die aktuell erreichten Gesamtmeter der laufenden Challenge an.  Sortierfunktion f\u00fcr den Ergometertyp &#8211; Listeneintrag &#8222;Machine&#8220; &#8211; wurde eingef\u00fcgt.<\/p>\n\n\n\n<p class=\"has-text-align-right has-small-font-size\"><strong>User Guide Version: 1.10<br>Datum: 08.11.2025<\/strong><\/p>\n\n\n\n<p>Bei Verwendung des BikeErgs wird nun automatisch die H\u00e4lfte der Meter berechnet und angezeigt. Es ist kein selbst\u00e4ndiges Teilen mehr erforderlich.<br><\/p>\n\n\n\n<p class=\"has-text-align-right has-small-font-size\"><strong>User Guide Version: 1.09<br>Datum: 08.11.2025<\/strong><\/p>\n\n\n\n<p>Es wurden 174 doppelt eingetragene Personen bereinigt und die Daten nachgetragen. Betroffene erhielten zum Teil neue Login ID&#8217;s.<br><\/p>\n\n\n\n<p class=\"has-text-align-right has-small-font-size\"><strong>User Guide Version: 1.08<br>Datum: 07.11.2025<\/strong><\/p>\n\n\n\n<p>Umstellung der automatischen \u00d6ffnung der Fotoapp bei Smartphones auf &#8222;Datei \u00f6ffnen&#8220;. Es kann nun aus der Fotosammlung gew\u00e4hlt werden.<br><\/p>\n\n\n\n<p class=\"has-text-align-right has-small-font-size\"><strong>User Guide Version: 1.07<br>Datum: 02.11.2025<\/strong><\/p>\n\n\n\n<p>Migration der Daten seit Beginn der 30 K Challenge.<br><\/p>\n\n\n\n<p class=\"has-text-align-right has-small-font-size\"><strong>User Guide Version: 1.06<br>Datum: 03.10.2025<\/strong><\/p>\n\n\n\n<p>Erweiterung um einen Performance Statistik im pers\u00f6nlichen Men\u00fc.<br><\/p>\n\n\n\n<p class=\"has-text-align-right has-small-font-size\"><strong>User Guide Version: 1.05<br>Datum: 01.10.2025<\/strong><\/p>\n\n\n\n<p>Fehlerbehebung und Erweiterung der Statistik.<br><\/p>\n\n\n\n<p class=\"has-text-align-right has-small-font-size\"><strong>User Guide Version: 1.04<br>Datum: 10.12.2024<\/strong><\/p>\n\n\n\n<p>Aktivsetzen des 26K\/30K pers\u00f6nlichen Fortschrittsbalken nach dem Login. Dieser zeigt wie nahe du dem Ziel bereits bist.<br><\/p>\n\n\n\n<p class=\"has-text-align-right has-small-font-size\"><strong>User Guide Version: 1.03<br>Datum: 05.12.2024<\/strong><\/p>\n\n\n\n<p>Auswahl eines ERGO Typen im Men\u00fc &#8222;Settings&#8220;. Dies wird in der Spalte nach HW\/LW angezeigt.<br><\/p>\n\n\n\n<p class=\"has-text-align-center has-large-font-size\"><strong>30K-DATA-APP \/\/ User Guide<\/strong><br><\/p>\n\n\n\n<p>Es ist so weit, mit Beginn der zehnten Dirty Thirty Saison bastelte mir mein Sohn Martin eine eigene APP f\u00fcr das Datenmanagement der Challange. <br>it dem pers\u00f6nliches Login k\u00f6nnen die Meter und das Foto des Monitors direkt \u00fcbertragen werden. Aber auch das <strong>Gewicht <\/strong>und Nationalit\u00e4t k\u00f6nnen in den pers\u00f6nlichen Einstellungen ge\u00e4ndert werden. Wer kein Gewicht angegeben hat, wird automatisch als Schwergewicht mit 100Kg berechnet.<br><\/p>\n\n\n\n<p>Zum Einstieg ben\u00f6tigst du eine pers\u00f6nliche ID. Diese erh\u00e4ltst du bei deinem Vereinsadministrator oder per Mail vom Challenge Admin <a href=\"mailto:office@ergochallenge.at\">office@ergochallenge.at<\/a> <br><\/p>\n\n\n\n<p>Hier eine Anleitung Version 1.04 zur Verwendung der <a href=\"https:\/\/www.ergochallenge.at\/?p=2802\" data-type=\"post\" data-id=\"2802\">30K-DATA-APP \/ <em>Guide<\/em><\/a> or <a href=\"https:\/\/www.ergochallenge.at\/wp-content\/uploads\/2024\/12\/App_anleitung.pdf\">PDF download<\/a><\/p>\n\n\n\n<p>Die App wird aus dem Hauptmen\u00fc der Challenge Homepage gestartet. <a href=\"http:\/\/www.ergochallenge.at\">www.ergochallenge.at<\/a> <br><\/p>\n\n\n\n<figure class=\"wp-block-image size-large\"><img loading=\"lazy\" decoding=\"async\" width=\"1024\" height=\"199\" src=\"https:\/\/www.ergochallenge.at\/wp-content\/uploads\/2024\/11\/1-1024x199.jpg\" alt=\"\" class=\"wp-image-2808\" srcset=\"https:\/\/www.ergochallenge.at\/wp-content\/uploads\/2024\/11\/1-1024x199.jpg 1024w, https:\/\/www.ergochallenge.at\/wp-content\/uploads\/2024\/11\/1-300x58.jpg 300w, https:\/\/www.ergochallenge.at\/wp-content\/uploads\/2024\/11\/1-768x149.jpg 768w, https:\/\/www.ergochallenge.at\/wp-content\/uploads\/2024\/11\/1.jpg 1095w\" sizes=\"auto, (max-width: 1024px) 100vw, 1024px\" \/><\/figure>\n\n\n\n<p><\/p>\n\n\n\n<p>Es finden sich beim Start der eine Informationsseite sowie mehrere Men\u00fceintr\u00e4ge, welche sich selbst erkl\u00e4ren. Bei deren Auswahl wird dazu wird ein dunkelgraues Men\u00fc mit 3 M\u00f6glichkeiten neben dem Suchfeld angezeigt.<br><\/p>\n\n\n\n<p>Vollbildschirm (Hilft bei der Mobiltelefonen)<br>Auswahl der angezeigten Listeneintr\u00e4ge (Dropdown)<br>Neue Nummerierung (bei Suchanfragen)<br><\/p>\n\n\n<div class=\"wp-block-image\">\n<figure class=\"aligncenter size-full is-resized\"><img loading=\"lazy\" decoding=\"async\" width=\"642\" height=\"265\" src=\"https:\/\/www.ergochallenge.at\/wp-content\/uploads\/2024\/11\/8-1.jpg\" alt=\"\" class=\"wp-image-2865\" style=\"width:339px;height:auto\" srcset=\"https:\/\/www.ergochallenge.at\/wp-content\/uploads\/2024\/11\/8-1.jpg 642w, https:\/\/www.ergochallenge.at\/wp-content\/uploads\/2024\/11\/8-1-300x124.jpg 300w\" sizes=\"auto, (max-width: 642px) 100vw, 642px\" \/><\/figure>\n<\/div>\n\n\n<p>W\u00e4hle Login f\u00fcr deine Daten\u00fcbertragung und \u00c4nderungen.<br><\/p>\n\n\n<div class=\"wp-block-image\">\n<figure class=\"aligncenter size-full is-resized\"><img loading=\"lazy\" decoding=\"async\" width=\"712\" height=\"265\" src=\"https:\/\/www.ergochallenge.at\/wp-content\/uploads\/2024\/11\/2.jpg\" alt=\"\" class=\"wp-image-2809\" style=\"width:478px;height:auto\" srcset=\"https:\/\/www.ergochallenge.at\/wp-content\/uploads\/2024\/11\/2.jpg 712w, https:\/\/www.ergochallenge.at\/wp-content\/uploads\/2024\/11\/2-300x112.jpg 300w\" sizes=\"auto, (max-width: 712px) 100vw, 712px\" \/><\/figure>\n<\/div>\n\n\n<p>Ein Login Formular wird angezeigt. Mit deinem Namen und deiner pers\u00f6nlichen ID kannst du einsteigen. Gro\u00df und Kleinschreibung sind nicht wichtig. Bist du noch nicht registriert, schein hier auch der Vorgang zur Anmeldung bei der Challenge auf.<br><\/p>\n\n\n<div class=\"wp-block-image\">\n<figure class=\"aligncenter size-full is-resized\"><img loading=\"lazy\" decoding=\"async\" width=\"379\" height=\"678\" src=\"https:\/\/www.ergochallenge.at\/wp-content\/uploads\/2024\/11\/3.jpg\" alt=\"\" class=\"wp-image-2810\" style=\"width:293px;height:auto\" srcset=\"https:\/\/www.ergochallenge.at\/wp-content\/uploads\/2024\/11\/3.jpg 379w, https:\/\/www.ergochallenge.at\/wp-content\/uploads\/2024\/11\/3-168x300.jpg 168w\" sizes=\"auto, (max-width: 379px) 100vw, 379px\" \/><\/figure>\n<\/div>\n\n\n<p>In der folgenden Anzeige zeigt der Fortschrittsbalken wie nahe du dem Challengeziel bist. Darunter, wann eine Session startet oder wie lange sie noch l\u00e4uft und die Eintragefrist endet. <br><\/p>\n\n\n<div class=\"wp-block-image\">\n<figure class=\"aligncenter size-full is-resized\"><img loading=\"lazy\" decoding=\"async\" width=\"904\" height=\"191\" src=\"https:\/\/www.ergochallenge.at\/wp-content\/uploads\/2024\/11\/image-3.png\" alt=\"\" class=\"wp-image-2862\" style=\"width:521px;height:auto\" srcset=\"https:\/\/www.ergochallenge.at\/wp-content\/uploads\/2024\/11\/image-3.png 904w, https:\/\/www.ergochallenge.at\/wp-content\/uploads\/2024\/11\/image-3-300x63.png 300w, https:\/\/www.ergochallenge.at\/wp-content\/uploads\/2024\/11\/image-3-768x162.png 768w\" sizes=\"auto, (max-width: 904px) 100vw, 904px\" \/><\/figure>\n<\/div>\n\n\n<p>M;it dem Mobiltelefon ein Foto des Monitors anfertigen, Meter eintragen und auf Datei ausw\u00e4hlen klicken. Bei Mobiltelefonen \u00f6ffnet sich die Foto Kollektion, Foto auisw\u00e4hlen und Submit dr\u00fccken. F\u00fcr den PC erst das Foto anfertigen, es \u00f6ffnet sich der Explorer &#8211; Foto auw\u00e4hlen und Submit dr\u00fccken.  Zuletzt anhaken, ob dies dein verwendeter Ergometer ist.  Wenn du einen anderen Ergometer verwendest, musst du dies vor in den Settings \u00e4ndern, bevor du das Ergebnis \u00fcbermittelst.<br><\/p>\n\n\n<div class=\"wp-block-image\">\n<figure class=\"aligncenter size-large is-resized\"><img loading=\"lazy\" decoding=\"async\" width=\"461\" height=\"1024\" src=\"https:\/\/www.ergochallenge.at\/wp-content\/uploads\/2024\/11\/11-461x1024.jpeg\" alt=\"\" class=\"wp-image-2867\" style=\"width:340px;height:auto\" srcset=\"https:\/\/www.ergochallenge.at\/wp-content\/uploads\/2024\/11\/11-461x1024.jpeg 461w, https:\/\/www.ergochallenge.at\/wp-content\/uploads\/2024\/11\/11-135x300.jpeg 135w, https:\/\/www.ergochallenge.at\/wp-content\/uploads\/2024\/11\/11-691x1536.jpeg 691w, https:\/\/www.ergochallenge.at\/wp-content\/uploads\/2024\/11\/11.jpeg 720w\" sizes=\"auto, (max-width: 461px) 100vw, 461px\" \/><\/figure>\n<\/div>\n\n\n<p class=\"has-accent-color has-text-color has-link-color wp-elements-39eacd30b6f81f98e8217e234e8ad9e1\"><strong>Die Eintragung ist nur w\u00e4hrend der offenen Sessionzeit m\u00f6glich!<\/strong><br><\/p>\n\n\n\n<p>Hier siehst du auch die Anzahl der \u00fcbermittelten Ergebnisse. Es z\u00e4hlt f\u00fcr die Wertung aber immer das Beste. Es kann das Ergebnis gel\u00f6scht oder ge\u00e4ndert werden.<br><\/p>\n\n\n\n<p>Ein Klick auf das Zahnrad \u00f6ffnet das Men\u00fc f\u00fcr die pers\u00f6nlichen Einstellungen.<br><\/p>\n\n\n<div class=\"wp-block-image\">\n<figure class=\"aligncenter size-full is-resized\"><img loading=\"lazy\" decoding=\"async\" width=\"663\" height=\"705\" src=\"https:\/\/www.ergochallenge.at\/wp-content\/uploads\/2024\/11\/4.jpg\" alt=\"\" class=\"wp-image-2811\" style=\"width:437px;height:auto\" srcset=\"https:\/\/www.ergochallenge.at\/wp-content\/uploads\/2024\/11\/4.jpg 663w, https:\/\/www.ergochallenge.at\/wp-content\/uploads\/2024\/11\/4-282x300.jpg 282w\" sizes=\"auto, (max-width: 663px) 100vw, 663px\" \/><\/figure>\n<\/div>\n\n\n<p>Neben den aktuellen Daten der laufenden Challenge kannst du deine pers\u00f6nliche performance Statistik der vergangenen Challenges einsehen.<br><\/p>\n\n\n<div class=\"wp-block-image\">\n<figure class=\"aligncenter size-full is-resized\"><img loading=\"lazy\" decoding=\"async\" width=\"456\" height=\"696\" src=\"https:\/\/www.ergochallenge.at\/wp-content\/uploads\/2025\/11\/Bildschirmfoto-vom-2025-11-02-18-20-28.png\" alt=\"\" class=\"wp-image-3059\" style=\"width:286px;height:auto\" srcset=\"https:\/\/www.ergochallenge.at\/wp-content\/uploads\/2025\/11\/Bildschirmfoto-vom-2025-11-02-18-20-28.png 456w, https:\/\/www.ergochallenge.at\/wp-content\/uploads\/2025\/11\/Bildschirmfoto-vom-2025-11-02-18-20-28-197x300.png 197w\" sizes=\"auto, (max-width: 456px) 100vw, 456px\" \/><\/figure>\n<\/div>\n\n\n<p>Im Settings Men\u00fc kannst du dein Gewicht eintragen und \u00e4ndern, ebenso deine Nationalit\u00e4t und den verwendeten ERGO Typ. Diese Daten waren bei der erste \u00dcbernahme nicht oder unvollst\u00e4ndig vorhanden, deshalb solltest du sie vervollst\u00e4ndigen.<br><\/p>\n\n\n<div class=\"wp-block-image\">\n<figure class=\"aligncenter size-full is-resized\"><img loading=\"lazy\" decoding=\"async\" width=\"397\" height=\"711\" src=\"https:\/\/www.ergochallenge.at\/wp-content\/uploads\/2024\/11\/image-2.png\" alt=\"\" class=\"wp-image-2848\" style=\"width:282px;height:auto\" srcset=\"https:\/\/www.ergochallenge.at\/wp-content\/uploads\/2024\/11\/image-2.png 397w, https:\/\/www.ergochallenge.at\/wp-content\/uploads\/2024\/11\/image-2-168x300.png 168w\" sizes=\"auto, (max-width: 397px) 100vw, 397px\" \/><\/figure>\n<\/div>\n\n\n<p>Fragen und Anregungen werden gerne entgegen genommen.<\/p>\n\n\n\n<p><a href=\"mailto:office@ergochallenge.at\">office@ergochallenge.at<\/a><\/p>\n\n\n\n<p><\/p>\n","protected":false},"excerpt":{"rendered":"<p>User Guide Version: 1.11Datum: 16.11.2025 Auf der Infoseite wurde ein Kilometer-Ticker eingef\u00fcgt. Dieser zeigt die aktuell erreichten Gesamtmeter der laufenden[&#8230;]<\/p>\n","protected":false},"author":1,"featured_media":0,"parent":0,"menu_order":0,"comment_status":"closed","ping_status":"closed","template":"","meta":{"footnotes":""},"class_list":["post-2974","page","type-page","status-publish","hentry"],"_links":{"self":[{"href":"https:\/\/www.ergochallenge.at\/index.php?rest_route=\/wp\/v2\/pages\/2974","targetHints":{"allow":["GET"]}}],"collection":[{"href":"https:\/\/www.ergochallenge.at\/index.php?rest_route=\/wp\/v2\/pages"}],"about":[{"href":"https:\/\/www.ergochallenge.at\/index.php?rest_route=\/wp\/v2\/types\/page"}],"author":[{"embeddable":true,"href":"https:\/\/www.ergochallenge.at\/index.php?rest_route=\/wp\/v2\/users\/1"}],"replies":[{"embeddable":true,"href":"https:\/\/www.ergochallenge.at\/index.php?rest_route=%2Fwp%2Fv2%2Fcomments&post=2974"}],"version-history":[{"count":12,"href":"https:\/\/www.ergochallenge.at\/index.php?rest_route=\/wp\/v2\/pages\/2974\/revisions"}],"predecessor-version":[{"id":3089,"href":"https:\/\/www.ergochallenge.at\/index.php?rest_route=\/wp\/v2\/pages\/2974\/revisions\/3089"}],"wp:attachment":[{"href":"https:\/\/www.ergochallenge.at\/index.php?rest_route=%2Fwp%2Fv2%2Fmedia&parent=2974"}],"curies":[{"name":"wp","href":"https:\/\/api.w.org\/{rel}","templated":true}]}}